{"id":114,"date":"2021-01-23T19:58:50","date_gmt":"2021-01-23T19:58:50","guid":{"rendered":"http:\/\/gt-publicity.at\/?page_id=114"},"modified":"2021-02-10T14:35:16","modified_gmt":"2021-02-10T14:35:16","slug":"datenschutz","status":"publish","type":"page","link":"https:\/\/gt-publicity.at\/?page_id=114","title":{"rendered":"Datenschutz"},"content":{"rendered":"\n<h2 id=\"datenschutz\">Datenschutz<\/h2>\n\n\n\n<p>Wir haben diese Datenschutzerkl\u00e4rung (Fassung 10.02.2021-111638435) verfasst, um Ihnen gem\u00e4\u00df der Vorgaben der <a href=\"https:\/\/eur-lex.europa.eu\/legal-content\/DE\/ALL\/?uri=celex%3A32016R0679&amp;tid=111638435\" target=\"_blank\" rel=\"noreferrer noopener\">Datenschutz-Grundverordnung (EU) 2016\/679<\/a> zu erkl\u00e4ren, welche Informationen wir sammeln, wie wir Daten verwenden und welche Entscheidungsm\u00f6glichkeiten Sie als Besucher dieser Webseite haben.<\/p>\n\n\n\n<p>Datenschutzerkl\u00e4rungen klingen f\u00fcr gew\u00f6hnlich sehr technisch. Diese Version soll Ihnen hingegen die wichtigsten Dinge so einfach und klar wie m\u00f6glich beschreiben. Soweit es m\u00f6glich ist, werden technische Begriffe leserfreundlich erkl\u00e4rt. Au\u00dferdem m\u00f6chten wir vermitteln, dass wir mit dieser Website nur dann Informationen sammeln und verwenden, wenn eine entsprechende gesetzliche Grundlage gegeben ist. Das ist sicher nicht m\u00f6glich, wenn man m\u00f6glichst knappe, technische Erkl\u00e4rungen abgibt, so wie sie im Internet oft Standard sind, wenn es um Datenschutz geht. Ich hoffe Sie finden die folgenden Erl\u00e4uterungen interessant und informativ und vielleicht ist die eine oder andere Information dabei, die Sie noch nicht kannten.<br>Wenn trotzdem Fragen bleiben, m\u00f6chten wir Sie bitten den vorhandenen Links zu folgen und sich weitere Informationen auf Drittseiten anzusehen, oder uns einfach eine E-Mail zu schreiben. Unsere Kontaktdaten finden Sie im Impressum.<\/p>\n\n\n\n<p>Quelle: Erstellt mit dem Datenschutz Generator von <a href=\"https:\/\/www.adsimple.at\/blog-marketing\/\" rel=\"noreferrer noopener\" target=\"_blank\">AdSimple\u00ae Blog Marketing<\/a> in Kooperation mit <a href=\"https:\/\/www.schoenheitsmagazin.at\/\" target=\"_blank\" rel=\"noreferrer noopener\">schoenheitsmagazin.at<\/a><\/p>\n","protected":false},"excerpt":{"rendered":"<p>Datenschutz Wir haben diese Datenschutzerkl\u00e4rung (Fassung 10.02.2021-111638435) verfasst, um Ihnen gem\u00e4\u00df der Vorgaben der Datenschutz-Grundverordnung (EU) 2016\/679 zu erkl\u00e4ren, welche Informationen wir sammeln, wie wir Daten verwenden und welche Entscheidungsm\u00f6glichkeiten Sie als Besucher dieser Webseite haben. Datenschutzerkl\u00e4rungen klingen f\u00fcr gew\u00f6hnlich sehr technisch. Diese Version soll Ihnen hingegen die wichtigsten Dinge so einfach und klar wie [&hellip;]<\/p>\n","protected":false},"author":1,"featured_media":0,"parent":0,"menu_order":0,"comment_status":"closed","ping_status":"closed","template":"elementor_header_footer","meta":[],"_links":{"self":[{"href":"https:\/\/gt-publicity.at\/index.php?rest_route=\/wp\/v2\/pages\/114"}],"collection":[{"href":"https:\/\/gt-publicity.at\/index.php?rest_route=\/wp\/v2\/pages"}],"about":[{"href":"https:\/\/gt-publicity.at\/index.php?rest_route=\/wp\/v2\/types\/page"}],"author":[{"embeddable":true,"href":"https:\/\/gt-publicity.at\/index.php?rest_route=\/wp\/v2\/users\/1"}],"replies":[{"embeddable":true,"href":"https:\/\/gt-publicity.at\/index.php?rest_route=%2Fwp%2Fv2%2Fcomments&post=114"}],"version-history":[{"count":3,"href":"https:\/\/gt-publicity.at\/index.php?rest_route=\/wp\/v2\/pages\/114\/revisions"}],"predecessor-version":[{"id":337,"href":"https:\/\/gt-publicity.at\/index.php?rest_route=\/wp\/v2\/pages\/114\/revisions\/337"}],"wp:attachment":[{"href":"https:\/\/gt-publicity.at\/index.php?rest_route=%2Fwp%2Fv2%2Fmedia&parent=114"}],"curies":[{"name":"wp","href":"https:\/\/api.w.org\/{rel}","templated":true}]}}